{"id":9636,"date":"2021-07-11T21:53:07","date_gmt":"2021-07-11T15:53:07","guid":{"rendered":"https:\/products\/"},"modified":"2023-04-13T18:00:40","modified_gmt":"2023-04-13T12:00:40","slug":"des-produits","status":"publish","type":"page","link":"https:\/\/sfkplywood.com\/fr\/des-produits\/","title":{"rendered":"Des Produits"},"content":{"rendered":"<p>[vc_row row_btt_skin=\u00a0\u00bblight\u00a0\u00bb row_background_text_position=\u00a0\u00bbfront\u00a0\u00bb][vc_column width=\u00a0\u00bb1\/2&Prime;][vc_headings style=\u00a0\u00bbtheme3&Prime; borderclr=\u00a0\u00bb#000000&Prime; title=\u00a0\u00bbGRADES DE <a href=\"https:\/\/sfkplywood.com\/fr\/quest-ce-que-le-contreplaque\/\">CONTREPLAQU\u00c9<\/a> DE BOULEAU\u00a0\u00bb align=\u00a0\u00bbleft\u00a0\u00bb use_theme_fonts=\u00a0\u00bbyes\u00a0\u00bb titleclr=\u00a0\u00bb#000000&Prime;][\/vc_headings][vc_column_text]Le <a href=\"https:\/\/sfkplywood.com\/fr\/contreplaque-101-guide-du-debutant-pour-comprendre-ce-materiau-polyvalent\/\">contreplaqu\u00e9<\/a> de bouleau est un mat\u00e9riau polyvalent qui est devenu de plus en plus populaire au fil des ans en raison de ses propri\u00e9t\u00e9s uniques, telles que la durabilit\u00e9, la r\u00e9sistance et la flexibilit\u00e9. Il est fabriqu\u00e9 en collant ensemble de fines couches de placage de bouleau, \u00e0 l&rsquo;aide d&rsquo;un adh\u00e9sif sp\u00e9cialis\u00e9 qui cr\u00e9e un panneau solide et stable. Le contreplaqu\u00e9 de bouleau est largement utilis\u00e9 dans diverses industries, de la construction \u00e0 la fabrication de meubles en passant par la d\u00e9coration d&rsquo;int\u00e9rieur, en raison de ses qualit\u00e9s exceptionnelles.<\/p>\n<p>L&rsquo;une des principales caract\u00e9ristiques du contreplaqu\u00e9 de bouleau est son syst\u00e8me de classement, qui permet aux utilisateurs d&rsquo;identifier la qualit\u00e9 du contreplaqu\u00e9 en un coup d&rsquo;\u0153il. Selon les normes actuelles GOST 3916.1 &#8211; 2018 et DIN EN 636:2015-05, le contreplaqu\u00e9 de bouleau est divis\u00e9 en cinq cat\u00e9gories, chacune repr\u00e9sent\u00e9e par une lettre ou un code num\u00e9rique particulier. Il est essentiel de comprendre le syst\u00e8me de classification lors de l&rsquo;achat de contreplaqu\u00e9 de bouleau, car cela permet de s&rsquo;assurer que vous choisissez la bonne qualit\u00e9 de contreplaqu\u00e9 pour l&rsquo;utilisation que vous souhaitez en faire.<\/p>\n<ul>\n<li>\u00c9lite, plus haut &#8211; E, A ;<\/li>\n<li>Le premier &#8211; 1, I, B ;<\/li>\n<li>Le second &#8211; 2, II, BB ;<\/li>\n<li>Troisi\u00e8me &#8211; 3, III, CP ;<\/li>\n<li>Quatri\u00e8me &#8211; 4, IV, C.<\/li>\n<\/ul>\n<p>[\/vc_column_text][\/vc_column][vc_column width=\u00a0\u00bb1\/2&Prime;][vc_single_image image=\u00a0\u00bb11344&Prime; img_size=\u00a0\u00bbfull\u00a0\u00bb][\/vc_column][\/vc_row][vc_row row_btt_skin=\u00a0\u00bblight\u00a0\u00bb row_background_text_position=\u00a0\u00bbfront\u00a0\u00bb][vc_column][vc_column_text]La qualit\u00e9 Elite est la plus haute qualit\u00e9 de contreplaqu\u00e9 de bouleau disponible, avec un minimum de d\u00e9fauts et d&rsquo;\u00e9carts par rapport \u00e0 la norme. Il convient parfaitement \u00e0 l&rsquo;ameublement haut de gamme, \u00e0 la d\u00e9coration d&rsquo;int\u00e9rieur et aux projets de construction, pour lesquels les normes de qualit\u00e9 les plus \u00e9lev\u00e9es sont requises. Cette qualit\u00e9 se caract\u00e9rise par une surface lisse, une couleur uniforme et l&rsquo;absence de n\u0153uds ou de vides. Le contreplaqu\u00e9 de qualit\u00e9 \u00c9lite est id\u00e9al pour les applications qui requi\u00e8rent un aspect impeccable et de haute qualit\u00e9, comme les meubles haut de gamme, les armoires et les panneaux muraux d\u00e9coratifs.<\/p>\n<p>Le contreplaqu\u00e9 de bouleau de premi\u00e8re qualit\u00e9 convient \u00e0 un large \u00e9ventail d&rsquo;applications, telles que la fabrication de meubles, de rev\u00eatements de sol et de panneaux muraux. Sa qualit\u00e9 est l\u00e9g\u00e8rement inf\u00e9rieure \u00e0 celle de la cat\u00e9gorie \u00c9lite, mais il s&rsquo;agit tout de m\u00eame d&rsquo;un produit de haute qualit\u00e9. Cette qualit\u00e9 peut pr\u00e9senter de l\u00e9gers d\u00e9fauts, tels que de petits n\u0153uds, de l\u00e9g\u00e8res d\u00e9colorations et de petites irr\u00e9gularit\u00e9s de surface. Le contreplaqu\u00e9 de premi\u00e8re qualit\u00e9 est id\u00e9al pour les applications qui requi\u00e8rent un aspect de haute qualit\u00e9, mais pour lesquelles quelques d\u00e9fauts mineurs sont acceptables.<\/p>\n<p>La deuxi\u00e8me qualit\u00e9 de contreplaqu\u00e9 de bouleau convient aux applications o\u00f9 l&rsquo;apparence n&rsquo;est pas aussi importante, comme les emballages, les caisses et les palettes. Cette qualit\u00e9 peut pr\u00e9senter quelques d\u00e9fauts, tels que des n\u0153uds plus gros, de petites fentes ou des d\u00e9colorations, mais il s&rsquo;agit toujours d&rsquo;un produit robuste et fiable. Le contreplaqu\u00e9 de deuxi\u00e8me qualit\u00e9 est id\u00e9al pour les applications o\u00f9 la r\u00e9sistance et la durabilit\u00e9 sont plus importantes que l&rsquo;apparence.<\/p>\n<p>La troisi\u00e8me qualit\u00e9 de contreplaqu\u00e9 de bouleau convient aux applications o\u00f9 le contreplaqu\u00e9 n&rsquo;est pas visible, comme la construction de coffrages pour le b\u00e9ton. Cette qualit\u00e9 peut pr\u00e9senter des d\u00e9fauts tels que de gros n\u0153uds, des fentes et d&rsquo;autres imperfections, mais il s&rsquo;agit toujours d&rsquo;un produit solide et durable. Le contreplaqu\u00e9 de troisi\u00e8me qualit\u00e9 est id\u00e9al pour les applications o\u00f9 la r\u00e9sistance et la durabilit\u00e9 sont les principales consid\u00e9rations, et o\u00f9 l&rsquo;apparence n&rsquo;est pas importante.<\/p>\n<p>Enfin, la quatri\u00e8me qualit\u00e9 de contreplaqu\u00e9 de bouleau convient aux applications o\u00f9 le contreplaqu\u00e9 ne sera utilis\u00e9 qu&rsquo;\u00e0 des fins temporaires, comme les panneaux, les enseignes et les cl\u00f4tures. Cette qualit\u00e9 peut pr\u00e9senter des d\u00e9fauts importants, tels que de gros n\u0153uds, des fissures et des d\u00e9colorations, mais il s&rsquo;agit toujours d&rsquo;un produit fonctionnel et rentable. Le contreplaqu\u00e9 de quatri\u00e8me qualit\u00e9 est id\u00e9al pour les applications o\u00f9 l&rsquo;aspect et la r\u00e9sistance sont moins importants que la rentabilit\u00e9.<\/p>\n<p>Outre les cinq qualit\u00e9s de contreplaqu\u00e9 de bouleau non rev\u00eatu, il existe d&rsquo;autres types de contreplaqu\u00e9 de bouleau, tels que le contreplaqu\u00e9 grillag\u00e9 de bouleau (F\/W) et le <a href=\"https:\/\/sfkplywood.com\/fr\/quest-ce-que-le-contreplaque-filme\/\">contreplaqu\u00e9 film\u00e9<\/a> de bouleau (F\/F). Le contreplaqu\u00e9 de bouleau \u00e0 treillis m\u00e9tallique est un type de contreplaqu\u00e9 de bouleau dont le treillis m\u00e9tallique est incorpor\u00e9 \u00e0 la surface, ce qui lui conf\u00e8re une r\u00e9sistance et une durabilit\u00e9 accrues. Il est id\u00e9al pour des applications telles que les planchers, les rampes et les \u00e9chafaudages. Le contreplaqu\u00e9 pellicul\u00e9 de bouleau est un type de contreplaqu\u00e9 de bouleau dont la surface est recouverte d&rsquo;une fine pellicule, ce qui lui conf\u00e8re une protection suppl\u00e9mentaire contre l&rsquo;eau et l&rsquo;humidit\u00e9. Il est id\u00e9al pour les applications telles que les coffrages de b\u00e9ton, o\u00f9 la r\u00e9sistance \u00e0 l&rsquo;eau est essentielle.<\/p>\n<p>En conclusion, le contreplaqu\u00e9 de bouleau est un excellent mat\u00e9riau pour un large \u00e9ventail d&rsquo;applications, de la fabrication de meubles \u00e0 la construction en passant par l&#8217;emballage. Ses propri\u00e9t\u00e9s uniques en font un choix populaire pour diverses industries. En comprenant le syst\u00e8me de classification du contreplaqu\u00e9 de bouleau et les diff\u00e9rents types disponibles, vous pouvez s\u00e9lectionner la bonne qualit\u00e9 et le bon type de contreplaqu\u00e9 pour l&rsquo;usage que vous souhaitez en faire, en vous assurant que votre projet est r\u00e9alis\u00e9 selon les normes les plus \u00e9lev\u00e9es et qu&rsquo;il durera de nombreuses ann\u00e9es.[\/vc_column_text][\/vc_column][\/vc_row][vc_row row_btt_skin=\u00a0\u00bblight\u00a0\u00bb row_background_text_position=\u00a0\u00bbfront\u00a0\u00bb][vc_column]<div class=\"mkdf-separator-holder clearfix  mkdf-separator-center mkdf-separator-full-width\">\n\t<div class=\"mkdf-separator\" style=\"border-color: #e5e5e5;margin-top: 50px;margin-bottom: 50px\"><\/div>\n<\/div>\n[\/vc_column][\/vc_row][vc_row row_btt_skin=\u00a0\u00bblight\u00a0\u00bb row_background_text_position=\u00a0\u00bbfront\u00a0\u00bb][vc_column]<div class=\"mkdf-portfolio-list-holder mkdf-grid-list mkdf-disable-bottom-space mkdf-pl-gallery mkdf-three-columns mkdf-normal-space mkdf-pl-standard-shader    mkdf-pl-pag-load-more      mkdf-pl-default-skin\"  data-type=gallery data-skin=default-skin data-number-of-columns=three data-space-between-items=normal data-number-of-items=15 data-image-proportions=full data-enable-fixed-proportions=no data-enable-image-shadow=no data-category=plywood data-orderby=date data-order=DESC data-item-style=standard-shader data-enable-title=yes data-title-tag=h4 data-enable-category=no data-enable-count-images=no data-enable-excerpt=yes data-excerpt-length=300 data-readmore=no data-pagination-type=load-more data-load-more-top-margin=0px data-filter=no data-filter-order-by=name data-enable-article-animation=no data-portfolio-slider-on=no data-enable-loop=yes data-enable-autoplay=yes data-slider-speed=5000 data-slider-speed-animation=600 data-enable-navigation=yes data-enable-pagination=yes data-enable-auto-width=no data-max-num-pages=1 data-next-page=2>\n\t\t<div class=\"mkdf-pl-inner mkdf-outer-space  clearfix\">\n\t\t<article class=\"mkdf-pl-item mkdf-item-space  post-9638 portfolio-item type-portfolio-item status-publish has-post-thumbnail hentry portfolio-category-plywood-fr\">\n\t<div class=\"mkdf-pl-item-inner\">\n\t\t<a href=\"https:\/\/sfkplywood.com\/fr\/product\/contreplaque-de-bouleau-non-revetu-ext\/\">\n<div class=\"mkdf-pli-image\">\n\t<img width=\"1100\" height=\"673\" src=\"https:\/\/sfkplywood.com\/wp-content\/uploads\/main_page_fsf_product.jpg\" class=\"attachment-full size-full wp-post-image\" alt=\"main page fsf product\" decoding=\"async\" loading=\"lazy\" srcset=\"https:\/\/sfkplywood.com\/wp-content\/uploads\/main_page_fsf_product.jpg 1100w, https:\/\/sfkplywood.com\/wp-content\/uploads\/main_page_fsf_product-400x245.jpg 400w, https:\/\/sfkplywood.com\/wp-content\/uploads\/main_page_fsf_product-1024x627.jpg 1024w, https:\/\/sfkplywood.com\/wp-content\/uploads\/main_page_fsf_product-768x470.jpg 768w\" sizes=\"(max-width: 1100px) 100vw, 1100px\" \/><\/div>\n<\/a>\n<div class=\"mkdf-pli-text-holder\" >\n\t<div class=\"mkdf-pli-text-wrapper\">\n\t\t<div class=\"mkdf-pli-text\">\n\n            \n\t\t\t    <a href=\"https:\/\/sfkplywood.com\/fr\/product\/contreplaque-de-bouleau-non-revetu-ext\/\">\n\t<h4 itemprop=\"name\" class=\"mkdf-pli-title entry-title\" >\n\t\tContreplaqu\u00e9 De Bouleau Non Rev\u00eatu (EXT)\t<\/h4>\n    <\/a>\n\n\t\t\t\n\t\t\t\t<p itemprop=\"description\" class=\"mkdf-pli-excerpt\"> Le contreplaqu\u00e9 de qualit\u00e9 E est le contreplaqu\u00e9 de la plus haute qualit\u00e9 sans d\u00e9fauts ni d\u00e9fauts visibles, fabriqu\u00e9 \u00e0 partir de placages de bouleau pur.<\/p>\n\n            \n\t\t<\/div>\n\t<\/div>\n<\/div>\n\t\t<a itemprop=\"url\" class=\"mkdf-pli-link mkdf-block-drag-link\" href=\"https:\/\/sfkplywood.com\/fr\/product\/contreplaque-de-bouleau-non-revetu-ext\/\" target=\"_self\"><\/a>\n\t<\/div>\n<\/article><article class=\"mkdf-pl-item mkdf-item-space  post-9639 portfolio-item type-portfolio-item status-publish has-post-thumbnail hentry portfolio-category-plywood-fr\">\n\t<div class=\"mkdf-pl-item-inner\">\n\t\t<a href=\"https:\/\/sfkplywood.com\/fr\/product\/contreplaque-de-treillis-metallique-de-bouleau-f-w\/\">\n<div class=\"mkdf-pli-image\">\n\t<img width=\"1100\" height=\"673\" src=\"https:\/\/sfkplywood.com\/wp-content\/uploads\/main_page_hexa_product.jpg\" class=\"attachment-full size-full wp-post-image\" alt=\"main page hexa product\" decoding=\"async\" loading=\"lazy\" srcset=\"https:\/\/sfkplywood.com\/wp-content\/uploads\/main_page_hexa_product.jpg 1100w, https:\/\/sfkplywood.com\/wp-content\/uploads\/main_page_hexa_product-400x245.jpg 400w, https:\/\/sfkplywood.com\/wp-content\/uploads\/main_page_hexa_product-1024x627.jpg 1024w, https:\/\/sfkplywood.com\/wp-content\/uploads\/main_page_hexa_product-768x470.jpg 768w\" sizes=\"(max-width: 1100px) 100vw, 1100px\" \/><\/div>\n<\/a>\n<div class=\"mkdf-pli-text-holder\" >\n\t<div class=\"mkdf-pli-text-wrapper\">\n\t\t<div class=\"mkdf-pli-text\">\n\n            \n\t\t\t    <a href=\"https:\/\/sfkplywood.com\/fr\/product\/contreplaque-de-treillis-metallique-de-bouleau-f-w\/\">\n\t<h4 itemprop=\"name\" class=\"mkdf-pli-title entry-title\" >\n\t\tContreplaqu\u00e9 De Treillis M\u00e9tallique De Bouleau (F\/W)\t<\/h4>\n    <\/a>\n\n\t\t\t\n\t\t\t\t<p itemprop=\"description\" class=\"mkdf-pli-excerpt\">Le contreplaqu\u00e9 film\u00e9 est \u00e0 base de placage 100% bouleau coll\u00e9 avec de la colle ph\u00e9nol-formald\u00e9hyde. Extr\u00eamement r\u00e9sistant :<\/p>\n\n            \n\t\t<\/div>\n\t<\/div>\n<\/div>\n\t\t<a itemprop=\"url\" class=\"mkdf-pli-link mkdf-block-drag-link\" href=\"https:\/\/sfkplywood.com\/fr\/product\/contreplaque-de-treillis-metallique-de-bouleau-f-w\/\" target=\"_self\"><\/a>\n\t<\/div>\n<\/article><article class=\"mkdf-pl-item mkdf-item-space  post-9640 portfolio-item type-portfolio-item status-publish has-post-thumbnail hentry portfolio-category-plywood-fr\">\n\t<div class=\"mkdf-pl-item-inner\">\n\t\t<a href=\"https:\/\/sfkplywood.com\/fr\/product\/contreplaque-filme-bouleau-f-f\/\">\n<div class=\"mkdf-pli-image\">\n\t<img width=\"1100\" height=\"673\" src=\"https:\/\/sfkplywood.com\/wp-content\/uploads\/main_page_fof_product_2.png\" class=\"attachment-full size-full wp-post-image\" alt=\"main page fof product 2\" decoding=\"async\" loading=\"lazy\" srcset=\"https:\/\/sfkplywood.com\/wp-content\/uploads\/main_page_fof_product_2.png 1100w, https:\/\/sfkplywood.com\/wp-content\/uploads\/main_page_fof_product_2-400x245.png 400w, https:\/\/sfkplywood.com\/wp-content\/uploads\/main_page_fof_product_2-1024x627.png 1024w, https:\/\/sfkplywood.com\/wp-content\/uploads\/main_page_fof_product_2-768x470.png 768w\" sizes=\"(max-width: 1100px) 100vw, 1100px\" \/><\/div>\n<\/a>\n<div class=\"mkdf-pli-text-holder\" >\n\t<div class=\"mkdf-pli-text-wrapper\">\n\t\t<div class=\"mkdf-pli-text\">\n\n            \n\t\t\t    <a href=\"https:\/\/sfkplywood.com\/fr\/product\/contreplaque-filme-bouleau-f-f\/\">\n\t<h4 itemprop=\"name\" class=\"mkdf-pli-title entry-title\" >\n\t\tContreplaqu\u00e9 Film\u00e9 Bouleau (F\/F)\t<\/h4>\n    <\/a>\n\n\t\t\t\n\t\t\t\t<p itemprop=\"description\" class=\"mkdf-pli-excerpt\">Le contreplaqu\u00e9 maill\u00e9 (F\/W) est une sorte de contreplaqu\u00e9 stratifi\u00e9 qui a deux surfaces : lisse\/maill\u00e9e.<\/p>\n\n            \n\t\t<\/div>\n\t<\/div>\n<\/div>\n\t\t<a itemprop=\"url\" class=\"mkdf-pli-link mkdf-block-drag-link\" href=\"https:\/\/sfkplywood.com\/fr\/product\/contreplaque-filme-bouleau-f-f\/\" target=\"_self\"><\/a>\n\t<\/div>\n<\/article>\t<\/div>\n\t\n\t<\/div>[\/vc_column][\/vc_row]<\/p>\n","protected":false},"excerpt":{"rendered":"<p>[vc_row row_btt_skin=\u00a0\u00bblight\u00a0\u00bb row_background_text_position=\u00a0\u00bbfront\u00a0\u00bb][vc_column width=\u00a0\u00bb1\/2&Prime;][vc_headings style=\u00a0\u00bbtheme3&Prime; borderclr=\u00a0\u00bb#000000&Prime; title=\u00a0\u00bbGRADES DE CONTREPLAQU\u00c9 DE BOULEAU\u00a0\u00bb align=\u00a0\u00bbleft\u00a0\u00bb use_theme_fonts=\u00a0\u00bbyes\u00a0\u00bb titleclr=\u00a0\u00bb#000000&Prime;][\/vc_headings][vc_column_text]Le contreplaqu\u00e9 de bouleau est un mat\u00e9riau polyvalent qui est devenu de plus en plus populaire au [&hellip;]<\/p>\n","protected":false},"author":1,"featured_media":0,"parent":0,"menu_order":0,"comment_status":"closed","ping_status":"closed","template":"","meta":[],"_links":{"self":[{"href":"https:\/\/sfkplywood.com\/fr\/wp-json\/wp\/v2\/pages\/9636"}],"collection":[{"href":"https:\/\/sfkplywood.com\/fr\/wp-json\/wp\/v2\/pages"}],"about":[{"href":"https:\/\/sfkplywood.com\/fr\/wp-json\/wp\/v2\/types\/page"}],"author":[{"embeddable":true,"href":"https:\/\/sfkplywood.com\/fr\/wp-json\/wp\/v2\/users\/1"}],"replies":[{"embeddable":true,"href":"https:\/\/sfkplywood.com\/fr\/wp-json\/wp\/v2\/comments?post=9636"}],"version-history":[{"count":3,"href":"https:\/\/sfkplywood.com\/fr\/wp-json\/wp\/v2\/pages\/9636\/revisions"}],"predecessor-version":[{"id":11351,"href":"https:\/\/sfkplywood.com\/fr\/wp-json\/wp\/v2\/pages\/9636\/revisions\/11351"}],"wp:attachment":[{"href":"https:\/\/sfkplywood.com\/fr\/wp-json\/wp\/v2\/media?parent=9636"}],"curies":[{"name":"wp","href":"https:\/\/api.w.org\/{rel}","templated":true}]}}