{"id":10799,"date":"2021-07-11T21:53:07","date_gmt":"2021-07-11T15:53:07","guid":{"rendered":"https:\/products\/"},"modified":"2023-04-13T17:55:57","modified_gmt":"2023-04-13T11:55:57","slug":"produkte","status":"publish","type":"page","link":"https:\/\/sfkplywood.com\/de\/produkte\/","title":{"rendered":"Produkte"},"content":{"rendered":"<p>[vc_row row_btt_skin=&#8220;light&#8220; row_background_text_position=&#8220;front&#8220;][vc_column width=&#8220;1\/2&#8243;][vc_headings style=&#8220;theme3&#8243; borderclr=&#8220;#000000&#8243; title=&#8220;SORTEN VON BIRKENSPERRHOLZ&#8220; align=&#8220;left&#8220; google_fonts=&#8220;font_family:Abril%20Fatface%3Aregular|font_style:400%20regular%3A400%3Anormal&#8220; titleclr=&#8220;#000000&#8243;][\/vc_headings][vc_column_text]Birkensperrholz ist ein vielseitiges Material, das im Laufe der Jahre aufgrund seiner einzigartigen Eigenschaften wie Haltbarkeit, St\u00e4rke und Flexibilit\u00e4t immer beliebter geworden ist. Es wird durch Verkleben d\u00fcnner Lagen von Birkenfurnier mit einem speziellen Klebstoff hergestellt, der eine starke und stabile Platte ergibt. Birkensperrholz wird aufgrund seiner au\u00dfergew\u00f6hnlichen Eigenschaften in verschiedenen Branchen eingesetzt, vom Bauwesen \u00fcber die M\u00f6belherstellung bis hin zur Innenarchitektur.<\/p>\n<p>Eines der wichtigsten Merkmale von Birkensperrholz ist sein Klassifizierungssystem, das es den Nutzern erm\u00f6glicht, die Qualit\u00e4t des Sperrholzes auf einen Blick zu erkennen. Nach den aktuellen Normen GOST 3916.1 &#8211; 2018 und DIN EN 636:2015-05 wird Birkensperrholz in f\u00fcnf Klassen eingeteilt, die jeweils durch einen bestimmten Buchstaben- oder Zahlencode dargestellt werden. Das Verst\u00e4ndnis des Klassifizierungssystems ist beim Kauf von Birkensperrholz unerl\u00e4sslich, da es sicherstellt, dass Sie die richtige Sperrholzsorte f\u00fcr Ihren Verwendungszweck ausw\u00e4hlen.<\/p>\n<ul>\n<li>Elite, h\u00f6chste &#8211; E, A;<\/li>\n<li>Die erste &#8211; 1, I, B;<\/li>\n<li>Die zweite &#8211; 2, II, BB;<\/li>\n<li>Dritte &#8211; 3, III, CP;<\/li>\n<li>Vierte &#8211; 4, IV, C.<\/li>\n<\/ul>\n<p>[\/vc_column_text][\/vc_column][vc_column width=&#8220;1\/2&#8243;][vc_single_image image=&#8220;11345&#8243; img_size=&#8220;full&#8220;][\/vc_column][\/vc_row][vc_row row_btt_skin=&#8220;light&#8220; row_background_text_position=&#8220;front&#8220;][vc_column][vc_column_text]Bei der G\u00fcteklasse Elite handelt es sich um das hochwertigste verf\u00fcgbare Birkensperrholz mit minimalen M\u00e4ngeln und Abweichungen von der Norm. Sie eignet sich perfekt f\u00fcr die Verwendung in hochwertigen M\u00f6beln, im Innenausbau und bei Bauprojekten, bei denen h\u00f6chste Qualit\u00e4tsstandards erforderlich sind. Diese Sorte zeichnet sich durch eine glatte Oberfl\u00e4che, eine einheitliche Farbe und das Fehlen von \u00c4sten und Lunkern aus. <a href=\"https:\/\/sfkplywood.com\/de\/was-ist-sperrholz\/\">Sperrholz<\/a> der G\u00fcteklasse Elite ist ideal f\u00fcr Anwendungen, die ein hochwertiges, makelloses Aussehen erfordern, wie z. B. hochwertige M\u00f6bel, Schr\u00e4nke und dekorative Wandverkleidungen.<\/p>\n<p>Birkensperrholz der G\u00fcteklasse First eignet sich f\u00fcr eine Vielzahl von Anwendungen, z. B. f\u00fcr die Herstellung von M\u00f6beln, Fu\u00dfb\u00f6den und Wandpaneelen. Sie hat eine etwas geringere Qualit\u00e4t als die G\u00fcteklasse Elite, ist aber dennoch ein hochwertiges Produkt. Diese G\u00fcteklasse kann einige leichte M\u00e4ngel aufweisen, wie z. B. kleine \u00c4ste, geringf\u00fcgige Verf\u00e4rbungen und kleine Unregelm\u00e4\u00dfigkeiten in der Oberfl\u00e4che. Sperrholz der G\u00fcteklasse 1 ist ideal f\u00fcr Anwendungen, die ein hochwertiges Erscheinungsbild erfordern, bei denen jedoch einige kleinere M\u00e4ngel akzeptabel sind.<\/p>\n<p>Die zweite G\u00fcteklasse von Birkensperrholz eignet sich f\u00fcr Anwendungen, bei denen das Aussehen nicht so wichtig ist, z. B. f\u00fcr Verpackungen, Kisten und Paletten. Diese G\u00fcteklasse kann einige M\u00e4ngel aufweisen, wie z. B. gr\u00f6\u00dfere \u00c4ste, kleine Risse oder Verf\u00e4rbungen, ist aber dennoch ein robustes und zuverl\u00e4ssiges Produkt. Sperrholz der zweiten G\u00fcteklasse ist ideal f\u00fcr Anwendungen, bei denen Festigkeit und Haltbarkeit wichtiger sind als das Aussehen.<\/p>\n<p>Die dritte G\u00fcteklasse von Birkensperrholz eignet sich f\u00fcr Anwendungen, bei denen das Sperrholz nicht sichtbar ist, z. B. f\u00fcr den Bau von Schalungen f\u00fcr Beton. Diese G\u00fcteklasse kann M\u00e4ngel wie gro\u00dfe \u00c4ste, Risse und andere Unvollkommenheiten aufweisen, ist aber dennoch ein starkes und dauerhaftes Produkt. Sperrholz der dritten G\u00fcteklasse ist ideal f\u00fcr Anwendungen, bei denen Festigkeit und Haltbarkeit im Vordergrund stehen und das Aussehen keine Rolle spielt.<\/p>\n<p>Die vierte G\u00fcteklasse von Birkensperrholz schlie\u00dflich eignet sich f\u00fcr Anwendungen, bei denen das Sperrholz nur vor\u00fcbergehend verwendet wird, z. B. f\u00fcr Reklametafeln, Schilder und Z\u00e4une. Diese G\u00fcteklasse kann erhebliche M\u00e4ngel aufweisen, z. B. gro\u00dfe \u00c4ste, Risse und Verf\u00e4rbungen, ist aber dennoch ein funktionelles und kosteng\u00fcnstiges Produkt. Sperrholz der vierten G\u00fcteklasse ist ideal f\u00fcr Anwendungen, bei denen Aussehen und Festigkeit weniger wichtig sind als die Kosteneffizienz.<\/p>\n<p>Neben den f\u00fcnf Sorten von unbeschichtetem Birkensperrholz gibt es auch andere Arten von Birkensperrholz, wie z. B. Birkensperrholz mit Drahtgeflecht (F\/W) und Birkensperrholz mit Filmbeschichtung (F\/F). Birkensperrholz mit Drahtgeflecht ist eine Art von Birkensperrholz, bei dem ein Drahtgeflecht in die Oberfl\u00e4che eingebettet ist, das f\u00fcr zus\u00e4tzliche Festigkeit und Haltbarkeit sorgt. Es ist ideal f\u00fcr Anwendungen wie Bodenbel\u00e4ge, Rampen und Ger\u00fcste. Filmbeschichtetes Birkensperrholz ist eine Art von Birkensperrholz mit einer d\u00fcnnen Filmschicht auf der Oberfl\u00e4che, die zus\u00e4tzlichen Schutz gegen Wasser und Feuchtigkeit bietet. Es eignet sich ideal f\u00fcr Anwendungen wie z. B. Betonschalungen, bei denen es auf Wasserbest\u00e4ndigkeit ankommt.<\/p>\n<p>Zusammenfassend l\u00e4sst sich sagen, dass Birkensperrholz ein ausgezeichnetes Material f\u00fcr eine breite Palette von Anwendungen ist, von der M\u00f6belherstellung \u00fcber das Bauwesen bis hin zu Verpackungen. Seine einzigartigen Eigenschaften machen es zu einer beliebten Wahl f\u00fcr verschiedene Branchen. Wenn Sie das Sortiersystem von Birkensperrholz und die verschiedenen verf\u00fcgbaren Typen kennen, k\u00f6nnen Sie die richtige Sorte und den richtigen Typ f\u00fcr Ihren Verwendungszweck ausw\u00e4hlen und so sicherstellen, dass Ihr Projekt nach h\u00f6chsten Standards ausgef\u00fchrt wird und viele Jahre lang h\u00e4lt.[\/vc_column_text][\/vc_column][\/vc_row][vc_row row_btt_skin=&#8220;light&#8220; row_background_text_position=&#8220;front&#8220;][vc_column]<div class=\"mkdf-separator-holder clearfix  mkdf-separator-center mkdf-separator-full-width\">\n\t<div class=\"mkdf-separator\" style=\"border-color: #e5e5e5;margin-top: 50px;margin-bottom: 50px\"><\/div>\n<\/div>\n[\/vc_column][\/vc_row][vc_row row_btt_skin=&#8220;light&#8220; row_background_text_position=&#8220;front&#8220;][vc_column]<div class=\"mkdf-portfolio-list-holder mkdf-grid-list mkdf-disable-bottom-space mkdf-pl-gallery mkdf-three-columns mkdf-normal-space mkdf-pl-standard-shader    mkdf-pl-pag-load-more      mkdf-pl-default-skin\"  data-type=gallery data-skin=default-skin data-number-of-columns=three data-space-between-items=normal data-number-of-items=15 data-image-proportions=full data-enable-fixed-proportions=no data-enable-image-shadow=no data-category=plywood data-orderby=date data-order=DESC data-item-style=standard-shader data-enable-title=yes data-title-tag=h4 data-enable-category=no data-enable-count-images=no data-enable-excerpt=yes data-excerpt-length=300 data-readmore=no data-pagination-type=load-more data-load-more-top-margin=0px data-filter=no data-filter-order-by=name data-enable-article-animation=no data-portfolio-slider-on=no data-enable-loop=yes data-enable-autoplay=yes data-slider-speed=5000 data-slider-speed-animation=600 data-enable-navigation=yes data-enable-pagination=yes data-enable-auto-width=no data-max-num-pages=1 data-next-page=2>\n\t\t<div class=\"mkdf-pl-inner mkdf-outer-space  clearfix\">\n\t\t<article class=\"mkdf-pl-item mkdf-item-space  post-10802 portfolio-item type-portfolio-item status-publish has-post-thumbnail hentry portfolio-category-plywood-de\">\n\t<div class=\"mkdf-pl-item-inner\">\n\t\t<a href=\"https:\/\/sfkplywood.com\/de\/product\/unbeschichtetes-birkensperrholz-ext\/\">\n<div class=\"mkdf-pli-image\">\n\t<img width=\"1100\" height=\"673\" src=\"https:\/\/sfkplywood.com\/wp-content\/uploads\/main_page_fsf_product.jpg\" class=\"attachment-full size-full wp-post-image\" alt=\"\" decoding=\"async\" loading=\"lazy\" srcset=\"https:\/\/sfkplywood.com\/wp-content\/uploads\/main_page_fsf_product.jpg 1100w, https:\/\/sfkplywood.com\/wp-content\/uploads\/main_page_fsf_product-400x245.jpg 400w, https:\/\/sfkplywood.com\/wp-content\/uploads\/main_page_fsf_product-1024x627.jpg 1024w, https:\/\/sfkplywood.com\/wp-content\/uploads\/main_page_fsf_product-768x470.jpg 768w\" sizes=\"(max-width: 1100px) 100vw, 1100px\" \/><\/div>\n<\/a>\n<div class=\"mkdf-pli-text-holder\" >\n\t<div class=\"mkdf-pli-text-wrapper\">\n\t\t<div class=\"mkdf-pli-text\">\n\n            \n\t\t\t    <a href=\"https:\/\/sfkplywood.com\/de\/product\/unbeschichtetes-birkensperrholz-ext\/\">\n\t<h4 itemprop=\"name\" class=\"mkdf-pli-title entry-title\" >\n\t\tUnbeschichtetes Birkensperrholz (EXT)\t<\/h4>\n    <\/a>\n\n\t\t\t\n\t\t\t\t<p itemprop=\"description\" class=\"mkdf-pli-excerpt\">Das Sperrholz der G\u00fcteklasse E, ist das hochwertigste Sperrholz ohne sichtbare M\u00e4ngel und Fehlstellen das aus reinen Birkenfurnieren hergestellt wird.  \r\n<\/p>\n\n            \n\t\t<\/div>\n\t<\/div>\n<\/div>\n\t\t<a itemprop=\"url\" class=\"mkdf-pli-link mkdf-block-drag-link\" href=\"https:\/\/sfkplywood.com\/de\/product\/unbeschichtetes-birkensperrholz-ext\/\" target=\"_self\"><\/a>\n\t<\/div>\n<\/article><article class=\"mkdf-pl-item mkdf-item-space  post-10804 portfolio-item type-portfolio-item status-publish has-post-thumbnail hentry portfolio-category-plywood-de\">\n\t<div class=\"mkdf-pl-item-inner\">\n\t\t<a href=\"https:\/\/sfkplywood.com\/de\/product\/birke-siebdrucksperrholz-f-w\/\">\n<div class=\"mkdf-pli-image\">\n\t<img width=\"1100\" height=\"673\" src=\"https:\/\/sfkplywood.com\/wp-content\/uploads\/main_page_hexa_product.jpg\" class=\"attachment-full size-full wp-post-image\" alt=\"\" decoding=\"async\" loading=\"lazy\" srcset=\"https:\/\/sfkplywood.com\/wp-content\/uploads\/main_page_hexa_product.jpg 1100w, https:\/\/sfkplywood.com\/wp-content\/uploads\/main_page_hexa_product-400x245.jpg 400w, https:\/\/sfkplywood.com\/wp-content\/uploads\/main_page_hexa_product-1024x627.jpg 1024w, https:\/\/sfkplywood.com\/wp-content\/uploads\/main_page_hexa_product-768x470.jpg 768w\" sizes=\"(max-width: 1100px) 100vw, 1100px\" \/><\/div>\n<\/a>\n<div class=\"mkdf-pli-text-holder\" >\n\t<div class=\"mkdf-pli-text-wrapper\">\n\t\t<div class=\"mkdf-pli-text\">\n\n            \n\t\t\t    <a href=\"https:\/\/sfkplywood.com\/de\/product\/birke-siebdrucksperrholz-f-w\/\">\n\t<h4 itemprop=\"name\" class=\"mkdf-pli-title entry-title\" >\n\t\tBirke Siebdrucksperrholz (F\/W)\t<\/h4>\n    <\/a>\n\n\t\t\t\n\t\t\t\t<p itemprop=\"description\" class=\"mkdf-pli-excerpt\">Filmbeschichtetes Sperrholz besteht aus 100% Birkenfurnier, dass mit Phenol-Formaldehyd-Leim verleimt ist. \u00c4u\u00dferst haltbar:<\/p>\n\n            \n\t\t<\/div>\n\t<\/div>\n<\/div>\n\t\t<a itemprop=\"url\" class=\"mkdf-pli-link mkdf-block-drag-link\" href=\"https:\/\/sfkplywood.com\/de\/product\/birke-siebdrucksperrholz-f-w\/\" target=\"_self\"><\/a>\n\t<\/div>\n<\/article><article class=\"mkdf-pl-item mkdf-item-space  post-10807 portfolio-item type-portfolio-item status-publish has-post-thumbnail hentry portfolio-category-plywood-de\">\n\t<div class=\"mkdf-pl-item-inner\">\n\t\t<a href=\"https:\/\/sfkplywood.com\/de\/product\/birke-filmsperrholz-f-f\/\">\n<div class=\"mkdf-pli-image\">\n\t<img width=\"1100\" height=\"673\" src=\"https:\/\/sfkplywood.com\/wp-content\/uploads\/main_page_fof_product_2.png\" class=\"attachment-full size-full wp-post-image\" alt=\"\" decoding=\"async\" loading=\"lazy\" srcset=\"https:\/\/sfkplywood.com\/wp-content\/uploads\/main_page_fof_product_2.png 1100w, https:\/\/sfkplywood.com\/wp-content\/uploads\/main_page_fof_product_2-400x245.png 400w, https:\/\/sfkplywood.com\/wp-content\/uploads\/main_page_fof_product_2-1024x627.png 1024w, https:\/\/sfkplywood.com\/wp-content\/uploads\/main_page_fof_product_2-768x470.png 768w\" sizes=\"(max-width: 1100px) 100vw, 1100px\" \/><\/div>\n<\/a>\n<div class=\"mkdf-pli-text-holder\" >\n\t<div class=\"mkdf-pli-text-wrapper\">\n\t\t<div class=\"mkdf-pli-text\">\n\n            \n\t\t\t    <a href=\"https:\/\/sfkplywood.com\/de\/product\/birke-filmsperrholz-f-f\/\">\n\t<h4 itemprop=\"name\" class=\"mkdf-pli-title entry-title\" >\n\t\tBirke Filmsperrholz (F\/F)\t<\/h4>\n    <\/a>\n\n\t\t\t\n\t\t\t\t<p itemprop=\"description\" class=\"mkdf-pli-excerpt\">Siebdruck-Sperrholz (F\/W) ist eine Art von laminiertem Sperrholz, das zwei Oberfl\u00e4chen hat: Glatt\/Maschenf\u00f6rmig.<\/p>\n\n            \n\t\t<\/div>\n\t<\/div>\n<\/div>\n\t\t<a itemprop=\"url\" class=\"mkdf-pli-link mkdf-block-drag-link\" href=\"https:\/\/sfkplywood.com\/de\/product\/birke-filmsperrholz-f-f\/\" target=\"_self\"><\/a>\n\t<\/div>\n<\/article>\t<\/div>\n\t\n\t<\/div>[\/vc_column][\/vc_row]<\/p>\n","protected":false},"excerpt":{"rendered":"<p>[vc_row row_btt_skin=&#8220;light&#8220; row_background_text_position=&#8220;front&#8220;][vc_column width=&#8220;1\/2&#8243;][vc_headings style=&#8220;theme3&#8243; borderclr=&#8220;#000000&#8243; title=&#8220;SORTEN VON BIRKENSPERRHOLZ&#8220; align=&#8220;left&#8220; google_fonts=&#8220;font_family:Abril%20Fatface%3Aregular|font_style:400%20regular%3A400%3Anormal&#8220; titleclr=&#8220;#000000&#8243;][\/vc_headings][vc_column_text]Birkensperrholz ist ein vielseitiges Material, das im Laufe der Jahre aufgrund seiner einzigartigen Eigenschaften wie Haltbarkeit, St\u00e4rke und Flexibilit\u00e4t [&hellip;]<\/p>\n","protected":false},"author":1,"featured_media":0,"parent":0,"menu_order":0,"comment_status":"closed","ping_status":"closed","template":"","meta":[],"_links":{"self":[{"href":"https:\/\/sfkplywood.com\/de\/wp-json\/wp\/v2\/pages\/10799"}],"collection":[{"href":"https:\/\/sfkplywood.com\/de\/wp-json\/wp\/v2\/pages"}],"about":[{"href":"https:\/\/sfkplywood.com\/de\/wp-json\/wp\/v2\/types\/page"}],"author":[{"embeddable":true,"href":"https:\/\/sfkplywood.com\/de\/wp-json\/wp\/v2\/users\/1"}],"replies":[{"embeddable":true,"href":"https:\/\/sfkplywood.com\/de\/wp-json\/wp\/v2\/comments?post=10799"}],"version-history":[{"count":3,"href":"https:\/\/sfkplywood.com\/de\/wp-json\/wp\/v2\/pages\/10799\/revisions"}],"predecessor-version":[{"id":11349,"href":"https:\/\/sfkplywood.com\/de\/wp-json\/wp\/v2\/pages\/10799\/revisions\/11349"}],"wp:attachment":[{"href":"https:\/\/sfkplywood.com\/de\/wp-json\/wp\/v2\/media?parent=10799"}],"curies":[{"name":"wp","href":"https:\/\/api.w.org\/{rel}","templated":true}]}}